{"id":2158,"date":"2018-06-21T12:00:17","date_gmt":"2018-06-21T09:00:17","guid":{"rendered":"http:\/\/www.eripedaliit.ee\/?page_id=2158"},"modified":"2025-11-26T12:03:55","modified_gmt":"2025-11-26T10:03:55","slug":"kutse-taastoendamine","status":"publish","type":"page","link":"https:\/\/www.eripedaliit.ee\/?page_id=2158","title":{"rendered":"Kutse taast\u00f5endamine"},"content":{"rendered":"<p>Kutse eripedagoog, tase 8 taast\u00f5endamise eeltingimuseks on sama taseme kehtiv v\u00f5i mitte rohkem kui 1 aasta tagasi kehtivuse kaotanud kutsetunnistus. Taast\u00f5endamise tingimustel saab taotleda ka kutset eripedagoog, tase 7 kehtiva v\u00f5i mitte rohkem kui 1 aasta tagasi kehtivuse kaotanud eripedagoog, tase 8 kutsetunnistuse olemasolul.<\/p>\n<p>Kutse taast\u00f5endamiseks esitatavad dokumendid:<\/p>\n<p>a) <a href=\"https:\/\/www.eripedaliit.ee\/wp-content\/uploads\/2025\/11\/Kutse-taotlus-tase-8.docx\" target=\"_blank\" rel=\"noopener noreferrer\">kutse taotlus<\/a>\u00a0etteantud vormil;<\/p>\n<p>b) isikut t\u00f5endava dokumendi (pass v\u00f5i ID kaart) koopia;<\/p>\n<p>c) eesti keelest muu emakeelega taotlejatel keeleseadusest ja teistest reguleerivatest<br \/>\nm\u00e4\u00e4rustest tulenevalt eesti keele oskuse taseme C1 t\u00f5endamiseks vastava<br \/>\nkeeletasemeeksami tunnistus;<\/p>\n<p>d) viimase viie aasta erialase t\u00e4iendkoolitus(t)e l\u00e4bimist t\u00f5endavate dokumentide koopiad v\u00f5i\u00a0 v\u00e4ljav\u00f5te EHIS-est;<\/p>\n<p>e) <a href=\"https:\/\/www.eripedaliit.ee\/wp-content\/uploads\/2014\/01\/CV.docx\" target=\"_blank\" rel=\"noopener noreferrer\">CV<\/a>\u00a0etteantud vormil;<\/p>\n<p>f) kutsestandardi kompetentside p\u00f5hine <a href=\"https:\/\/www.eripedaliit.ee\/wp-content\/uploads\/2024\/02\/LISA-3_kutsealase-tegevuse-eneseanaluus_tase-8_2024.docx\" target=\"_blank\" rel=\"noopener noreferrer\">kutsealase tegevuse eneseanal\u00fc\u00fcs<\/a>, kus on kajastatud viimase viie aasta kutsealane tegevus (koos t\u00f5endusmaterjaliga) etteantud vormil;<\/p>\n<p>g) maksekorraldus kutse andmisega seotud kulude tasumise kohta.<\/p>\n<p>Kutse taast\u00f5endamiseks esitatavad dokumendid tuleb esitada elektrooniliselt.<\/p>\n<p><strong>Kompetentside t\u00f5endamiseks saadetavad t\u00f5endid\u00a0ei tohi olla formaadis, mis v\u00f5imaldab taotlejal p\u00e4rast esitamist dokumenti muuta (nt Google Drive).\u00a0<\/strong><\/p>\n","protected":false},"excerpt":{"rendered":"<p>Kutse eripedagoog, tase 8 taast\u00f5endamise eeltingimuseks on sama taseme kehtiv v\u00f5i mitte rohkem kui 1 aasta tagasi kehtivuse kaotanud kutsetunnistus. Taast\u00f5endamise tingimustel saab taotleda ka kutset eripedagoog, tase 7 kehtiva v\u00f5i mitte rohkem kui 1 aasta tagasi kehtivuse kaotanud eripedagoog, &hellip; <a href=\"https:\/\/www.eripedaliit.ee\/?page_id=2158\">J\u00e4tka lugemist <span class=\"meta-nav\">&rarr;<\/span><\/a><\/p>\n","protected":false},"author":7,"featured_media":0,"parent":15,"menu_order":0,"comment_status":"closed","ping_status":"closed","template":"","meta":{"_monsterinsights_skip_tracking":false,"_monsterinsights_sitenote_active":false,"_monsterinsights_sitenote_note":"","_monsterinsights_sitenote_category":0,"footnotes":""},"class_list":["post-2158","page","type-page","status-publish","hentry"],"_links":{"self":[{"href":"https:\/\/www.eripedaliit.ee\/index.php?rest_route=\/wp\/v2\/pages\/2158","targetHints":{"allow":["GET"]}}],"collection":[{"href":"https:\/\/www.eripedaliit.ee\/index.php?rest_route=\/wp\/v2\/pages"}],"about":[{"href":"https:\/\/www.eripedaliit.ee\/index.php?rest_route=\/wp\/v2\/types\/page"}],"author":[{"embeddable":true,"href":"https:\/\/www.eripedaliit.ee\/index.php?rest_route=\/wp\/v2\/users\/7"}],"replies":[{"embeddable":true,"href":"https:\/\/www.eripedaliit.ee\/index.php?rest_route=%2Fwp%2Fv2%2Fcomments&post=2158"}],"version-history":[{"count":16,"href":"https:\/\/www.eripedaliit.ee\/index.php?rest_route=\/wp\/v2\/pages\/2158\/revisions"}],"predecessor-version":[{"id":4910,"href":"https:\/\/www.eripedaliit.ee\/index.php?rest_route=\/wp\/v2\/pages\/2158\/revisions\/4910"}],"up":[{"embeddable":true,"href":"https:\/\/www.eripedaliit.ee\/index.php?rest_route=\/wp\/v2\/pages\/15"}],"wp:attachment":[{"href":"https:\/\/www.eripedaliit.ee\/index.php?rest_route=%2Fwp%2Fv2%2Fmedia&parent=2158"}],"curies":[{"name":"wp","href":"https:\/\/api.w.org\/{rel}","templated":true}]}}