{"id":2367,"date":"2018-12-16T17:24:41","date_gmt":"2018-12-16T15:24:41","guid":{"rendered":"http:\/\/www.eripedaliit.ee\/?page_id=2367"},"modified":"2025-03-17T20:28:36","modified_gmt":"2025-03-17T18:28:36","slug":"korduma-kippivad-kusimused","status":"publish","type":"page","link":"https:\/\/www.eripedaliit.ee\/?page_id=2367","title":{"rendered":"Korduma kippuvad k\u00fcsimused"},"content":{"rendered":"<p><strong>1. Miks ma pean eripedagoogi kutset taotlema? Milleks on mulle kutsetunnistust vaja?<\/strong><\/p>\n<p>Vastavalt kehtivatele seadustele\/m\u00e4\u00e4rustele v\u00f5ib eripedagoogina t\u00f6\u00f6tada inimene, kellel on <u>erialane magistrikraad v\u00f5i sellele vastav kvalifikatsioon<\/u> v\u00f5i <u>eripedagoogi kutse<\/u>. <u>KUI TEIL ON erialane magistrikraad v\u00f5i sellele vastav kvalifikatsioon<\/u>, siis v\u00f5ite eripedagoogina t\u00f6\u00f6tada ka ilma kutsetunnistuseta. Sellegipoolest v\u00f5ite lasta oma kompetentsust hinnata, et endale ja t\u00f6\u00f6andjale t\u00f5endada, et Teil on olemas k\u00f5ik vastavas kutsestandardis kirjeldatud oskused ja teadmised. Oma kutsealase tegevuse anal\u00fc\u00fcsimine aitab ka saada selgust olemasolevate ja puuduvate oskuste kohta, planeerida oma karj\u00e4\u00e4ri ja arengut, hinnata ja valida sobivaid koolitusi ning suurendada l\u00e4bil\u00f6\u00f6giv\u00f5imet t\u00f6\u00f6turul.\u00a0<u>KUI TEIL EI OLE erialast magistrikaadi v\u00f5i sellele vastavat kvalifikatsiooni, siis peate eripedagoogina t\u00f6\u00f6tamiseks taotlema eripedagoogi kutse.<\/u> Kutsestandard \u00fctleb, milline kompetentsus Teil peaks olema, et eripedagoogina edukalt tegutseda. Kompetentsuse t\u00f5endamisel v\u00f5etakse arvesse ka l\u00e4bitud koolitusi ning edukat tegutsemist kutsealal. Positiivse otsuse j\u00e4rel v\u00e4ljastatakse Teile kutsetunnistus, mis t\u00f5endab, et Teil on olemas k\u00f5ik vastavas kutsestandardis kirjeldatud oskused ja teadmised. Kutsetunnistus annab Teile \u00f5iguse kasutada kutsetunnistuse kehtivuse ajal kutsetunnistusel m\u00e4rgitud kutsenimetust vastaval tasemel (eripedagoog, tase\u00a07 v\u00f5i eripedagoog, tase\u00a08).<\/p>\n<p><strong>2. Haridus- ja teadusministri m\u00e4\u00e4ruses &#8220;Direktori, \u00f5ppealajuhataja, \u00f5petajate ja tugispetsialistide kvalifikatsioonin\u00f5uded&#8221; \u00a7 5 lg 3 on kirjas:\u00a0 &#8220;P\u00f5hikooli ja g\u00fcmnaasiumi \u00f5petaja kvalifikatsioonin\u00f5uetele vastavaks loetakse eriklassis t\u00f5hustatud v\u00f5i erituge saavaid \u00f5pilasi \u00f5petavad isikud, kes on omandanud magistrikraadi eripedagoogikas v\u00f5i magistrikraadi ja eripedagoogi kutse.&#8221;<\/strong><\/p>\n<p><strong>Kas see t\u00e4hendab, et k\u00f5ik \u00f5petajad, kes \u00f5petavad eriklassis, peavad taotlema eripedagoogi kutse?<\/strong><\/p>\n<p>Ei pea. Nimetatud m\u00e4\u00e4ruse \u00a7 5 on rakenduss\u00e4tted. Rakenduss\u00e4tetes on kirjas m\u00e4\u00e4ruse s\u00e4tete rakendamise erisused ja t\u00e4psustused. M\u00e4\u00e4ruse \u00a7 3 l\u00f5ikes 1 on s\u00e4testatud \u00f5petajate kvalifikatsioonin\u00f5uete p\u00f5hinorm: &#8220;P\u00f5hikooli ja g\u00fcmnaasiumi \u00f5petaja kvalifikatsioonin\u00f5uded on magistrikraad v\u00f5i sellele vastav kvalifikatsioon ja \u00f5petajakutse ning eesti keele oskus vastavalt keeleseaduses ja keeleseaduse alusel antud \u00f5igusaktis esitatud n\u00f5uetele.&#8221; Rakenduss\u00e4tte (\u00a7 5) lg 3 t\u00e4psustab, et kvalifikatsioonile vastavaks loetakse ka isikud, kes on omandanud magistrikraadi eripedagoogikas v\u00f5i magistrikraadi ja eripedagoogi kutse.<\/p>\n<p>L\u00fchidalt: Kui Te tahate olla \u00f5petaja, siis peate t\u00e4itma \u00f5petajale kehtestatud n\u00f5uded. \u00d5petajana v\u00f5ite t\u00f6\u00f6tada nii tava- kui eriklassis. Rakenduss\u00e4tte t\u00e4psustus: eriklassis v\u00f5ib \u00f5petajana t\u00f6\u00f6tada ka eripedagoog.<\/p>\n<p><strong>3. Kumba kutset ma peaksin taotlema, kas eripedagoog, tase 7 v\u00f5i eripedagoog, tase 8? Kas dokumentide menetlemise k\u00e4igus v\u00f5ivad hindajad teha taotlejale ettepaneku taotleda teise taseme kutset (eripedagoog, tase 7 asemel eripedagoog, tase 8 ja vastupidi)?<\/strong><\/p>\n<p>Oma kompetentside taseme hindamine on \u00fcks osa enesehindamisest ning on taotleja \u00fclesanne ja vastutus. Peate ise otsustama, millise kutse (7. v\u00f5i 8. taseme eripedagoogi) kompetentsid Teil on ja need siis eneseanal\u00fc\u00fcsis \u00e4ra t\u00f5endama. Hindamiskomisjon hindab dokumentide ja vestluse p\u00f5hjal, kas Teil on olemas taotletava kutsekompetentsid (t\u00f5endatud peavad olema k\u00f5ik kohustuslikud kompetentsid).<\/p>\n<p><strong>4. Kui ma ei ole kunagi eripedagoogina t\u00f6\u00f6tanud, siis kuidas anal\u00fc\u00fcsida, t\u00f5estada vajalikke kompetentse? Taotlen eripedagoogi kutset selleks, et saaksin t\u00f6\u00f6tada eripedagoogina.<\/strong><\/p>\n<p>Eripedagoogi kutset saab taotleda inimene, kes on eripedagoogilist t\u00f6\u00f6d juba m\u00f5ne aasta teinud, omab vastavat erialast ettevalmistust ja suudab seega t\u00f6\u00f6 anal\u00fc\u00fcsis kirjeldada, kuidas ta oma t\u00f6\u00f6d teeb.<\/p>\n<p><strong>5. Olen l\u00f5petanud \u00fclikooli, mul on sotsiaalt\u00f6\u00f6-alane magistriharidus. Olen l\u00e4binud eripedagoogilise t\u00e4iendkoolituse ja teisi koolitusi. T\u00f6\u00f6tan eripedagoogina X asutuses juba 8 aastat. Kas mul on \u00f5igus taotleda eripedagoogi kutset?<\/strong><\/p>\n<p>Erialase hariduse puudumine ei ole takistuseks kutse taotlemisel, kui suudate k\u00f5ik vajalikud kompetentsid \u00e4ra t\u00f5endada (koos t\u00f5endusmaterjaliga). Anal\u00fc\u00fcsi ja t\u00f5endusdokumentide p\u00f5hjal teeb komisjon otsuse, kas Teil on vajalikud kompetentsid olemas.<\/p>\n<p><strong>6. Kuidas teha kutsealase tegevuse eneseanal\u00fc\u00fcsi (Lisa 3)? Kuidas peaksin eripedagoogi kutsestandardi kirjelduses toodud kompetentse eneseanal\u00fc\u00fcsi vormis kirjeldama ja t\u00f5endama? Mida t\u00e4pselt on vaja v\u00e4lja tuua ja t\u00f5endada?<\/strong><\/p>\n<p>Kutsealase tegevuse eneseanal\u00fc\u00fcsi koostamisel saate abi hindamisstandardist (leiate <a href=\"https:\/\/www.eripedaliit.ee\/?page_id=2151\">EEL kodulehelt<\/a>). Seal on kenasti lahti kirjutatud, mida mingi kompetentsi t\u00f5endamisel oodatakse. Seega lisaks kutsestandardile tutvuge p\u00f5hjalikult ka hindamisstandardiga.<\/p>\n<p><strong>7. Kas peaksin lisama ka individuaalsed \u00f5ppekavad, t\u00f6\u00f6kavad, juhtumi kirjeldused, lapse arengu hindamise tabelid, konsultatsioonide memod, individuaalse arengu j\u00e4lgimise kaardid jmt? V\u00f5i piisab sellest, et juhtumianal\u00fc\u00fcsis on erinevad dokumendid \u00e4ra m\u00e4rgitud? Kui on vaja, siis kas need lisad v\u00f5ivad olla t\u00e4itmata kujul, et mitte rikkuda andmekaitseseadust, sest paberites jookseb lapse nimi l\u00e4bi?<\/strong><\/p>\n<p>T\u00fchje vorme me ei oota, aga kindlasti ei n\u00f5ua me ka isikuandmetega dokumente. Kui m\u00f5nda kompetentsusn\u00f5ude t\u00e4itmist on k\u00f5ige parem t\u00f5estada Teie t\u00e4idetud tabelite, memode ja kaartide abil (ja neist l\u00e4htuvate j\u00e4relduste, I\u00d5K-de, edasiste plaanide abil), siis me siiski neid dokumente ootame. Isikuandmed on neist siis \u00e4ra v\u00f5etud\/muudetud. Kindlasti ei saa ja ei tohi avaldada \u00fchegi lapse andmeid.<\/p>\n<p><strong>8. CV-s on punkt &#8220;arvuti kasutamise oskus (l\u00e4htudes kutsestandardi n\u00f5uetest)&#8221;. Kutsestandardi osas &#8220;B.2 Eripedagoog, tase 7 \u00fcldoskused&#8221; on kirjas:\u00a0&#8220;Digitaalne kirjaoskus &#8211; m\u00f5istab ja kasutab digitaalseid s\u00fcsteeme, t\u00f6\u00f6riistu ja rakendusi ning t\u00f6\u00f6tleb digitaalset teavet iseseisva kasutaja tasemel (Vt lisa 2 DigComp).&#8221; Kust ma leian selle lisa 2?<\/strong><\/p>\n<p>Kutsestandardi l\u00f5pus on C.3 Lisad. Seal on Lisa 2 juures link <a href=\"https:\/\/www.eripedaliit.ee\/wp-content\/uploads\/2024\/02\/Digipadevuste-enesehindamise-skaala.pdf\">digip\u00e4devuste enesehindamisskaalale<\/a>.<\/p>\n<p><strong>9. Kas dokumendid tuleb pakkida ZIP-failiks?<\/strong><\/p>\n<p>Dokumendid tuleb kokku pakkida (ZIP on t\u00f5epoolest levinuim v\u00f5imalus, aga sobib ka muu formaat, nt BDOC) ja saata elektrooniliselt aadressil <a href=\"mailto:kutse@eripedaliit.ee\">kutse@eripedaliit.ee<\/a>. Kompetentside t\u00f5endamiseks saadetavad t\u00f5endid\u00a0ei tohi olla formaadis, mis v\u00f5imaldab taotlejal p\u00e4rast esitamist dokumenti muuta (nt Google Drive).<\/p>\n<p><strong>10. Kodulehel on kirjas, et kutsetaotluse saab esitada 1. m\u00e4rtsiks \/ 1. septembriks. Kas see t\u00e4hendab, et dokumendid tuleb edastada hiljemalt 28.02 \/ 31.08 v\u00f5i v\u00f5ib seda teha veel ka 1. m\u00e4rtsil \/ 1. septembril?<\/strong><\/p>\n<p>Eelistame varasemat saatmist, aga v\u00f5tame vastu ka 1. kuup\u00e4eval saabunud taotlused. On juhtunud, et e-kiri ei l\u00e4he taotleja postkastist v\u00e4lja v\u00f5i tuleb taotlejale veateade, kuna manus on liiga mahukas. Seet\u00f5ttu soovitame mitte j\u00e4tta oma dokumentide saatmist viimasele minutile.<\/p>\n<p><strong>11. Kuidas ma tean, kas mu dokumendid j\u00f5udsid kohale?<\/strong><\/p>\n<p>Kui kutse taotlemise dokumendid on j\u00f5udnud meieni, saate selle kohta kirja 3 t\u00f6\u00f6p\u00e4eva jooksul. Kui Te vastust ei saa, v\u00f5tke palun ise meiega \u00fchendust, kirjutades <a href=\"mailto:kutse@eripedaliit.ee\">kutse@eripedaliit.ee<\/a>.<\/p>\n<p><strong>12. Saatsin dokumendid t\u00e4htajaks \u00e4ra. Hiljem avastasin, et \u00fcks dokument j\u00e4i saatmata. Kas v\u00f5in selle j\u00e4rele saata, kuigi t\u00e4htaeg on m\u00f6\u00f6das?<\/strong><\/p>\n<p>Arvesse v\u00f5etakse ja hindamiskomisjonile edastatakse ainult n\u00f5uetekohaselt ja \u00f5igeks kuup\u00e4evaks esitatud dokumendid. Hindamiskomisjon vaatab Teie dokumendid l\u00e4bi ning vajadusel k\u00fcsib t\u00e4iendusi.<\/p>\n","protected":false},"excerpt":{"rendered":"<p>1. Miks ma pean eripedagoogi kutset taotlema? Milleks on mulle kutsetunnistust vaja? Vastavalt kehtivatele seadustele\/m\u00e4\u00e4rustele v\u00f5ib eripedagoogina t\u00f6\u00f6tada inimene, kellel on erialane magistrikraad v\u00f5i sellele vastav kvalifikatsioon v\u00f5i eripedagoogi kutse. KUI TEIL ON erialane magistrikraad v\u00f5i sellele vastav kvalifikatsioon, siis &hellip; <a href=\"https:\/\/www.eripedaliit.ee\/?page_id=2367\">J\u00e4tka lugemist <span class=\"meta-nav\">&rarr;<\/span><\/a><\/p>\n","protected":false},"author":7,"featured_media":0,"parent":0,"menu_order":0,"comment_status":"closed","ping_status":"closed","template":"","meta":{"_monsterinsights_skip_tracking":false,"_monsterinsights_sitenote_active":false,"_monsterinsights_sitenote_note":"","_monsterinsights_sitenote_category":0,"footnotes":""},"class_list":["post-2367","page","type-page","status-publish","hentry"],"_links":{"self":[{"href":"https:\/\/www.eripedaliit.ee\/index.php?rest_route=\/wp\/v2\/pages\/2367","targetHints":{"allow":["GET"]}}],"collection":[{"href":"https:\/\/www.eripedaliit.ee\/index.php?rest_route=\/wp\/v2\/pages"}],"about":[{"href":"https:\/\/www.eripedaliit.ee\/index.php?rest_route=\/wp\/v2\/types\/page"}],"author":[{"embeddable":true,"href":"https:\/\/www.eripedaliit.ee\/index.php?rest_route=\/wp\/v2\/users\/7"}],"replies":[{"embeddable":true,"href":"https:\/\/www.eripedaliit.ee\/index.php?rest_route=%2Fwp%2Fv2%2Fcomments&post=2367"}],"version-history":[{"count":22,"href":"https:\/\/www.eripedaliit.ee\/index.php?rest_route=\/wp\/v2\/pages\/2367\/revisions"}],"predecessor-version":[{"id":4745,"href":"https:\/\/www.eripedaliit.ee\/index.php?rest_route=\/wp\/v2\/pages\/2367\/revisions\/4745"}],"wp:attachment":[{"href":"https:\/\/www.eripedaliit.ee\/index.php?rest_route=%2Fwp%2Fv2%2Fmedia&parent=2367"}],"curies":[{"name":"wp","href":"https:\/\/api.w.org\/{rel}","templated":true}]}}